{"id":8673,"date":"2019-03-06T12:55:57","date_gmt":"2019-03-06T11:55:57","guid":{"rendered":"https:\/\/kompozitor.fr\/thenotebar\/partager-un-temoignage\/"},"modified":"2020-11-03T19:10:50","modified_gmt":"2020-11-03T18:10:50","slug":"partager-un-temoignage","status":"publish","type":"page","link":"https:\/\/kompozitor.fr\/thenotebar\/fr\/partager-un-temoignage\/","title":{"rendered":"Partager un t\u00e9moignage"},"content":{"rendered":"<style>#testimonial_form_20349.sp-tpro-fronted-form {\n    display: flex;\n    justify-content: center;\n}\n#testimonial_form_20349.sp-tpro-fronted-form .sp-testimonial-form-container {\n    padding: 32px 32px 32px 32px;\n    border: 0px solid #444444;\n    border-radius: 6px;\n    background-color: #FFFFFF;\n    width: 680px;\n    max-width: 100%;\n}\n\n#testimonial_form_20349.sp-tpro-fronted-form .tpro-social-profile-wrapper .tpro-social-profile-item,\n#testimonial_form_20349.sp-tpro-fronted-form .sp-tpro-form-field .chosen-container-single .chosen-single,\n#testimonial_form_20349.sp-tpro-fronted-form .sp-tpro-form-field:not(.tpro-category-list-field,.tpro-social-profiles-field) .sp-testimonial-input-field input,\n#testimonial_form_20349.sp-tpro-fronted-form .sp-tpro-form-field textarea,\n#testimonial_form_20349.sp-tpro-fronted-form .sp-tpro-form-field .chosen-container-multi .chosen-choices{\n    border: 1px solid #e3e3e3;\n    border-radius: 0px;\n    background-color: #FFFFFF;\n    box-sizing: border-box;\n    width: 100% !important;\n}\n#testimonial_form_20349.sp-tpro-fronted-form .sp-tpro-form-field label{\n        font-size: 16px;\n        color: #444444;\n    }\n#testimonial_form_20349.sp-tpro-fronted-form #tpro_modal_btn {\n    color: #ffffff;\n    background: #005bdf;\n}\n#testimonial_form_20349.sp-tpro-fronted-form #tpro_modal_btn:hover{\n    color: #ffffff;\n    background: #005bdf;\n}\n#testimonial_form_20349.sp-tpro-fronted-form .sp-tpro-form-submit-button input[type='submit']{\n    color: #ffffff;\n    background: #0296ec;\n    padding: 15px 25px;\n    text-transform: uppercase;\n    font-size: 14px;\n    transition: all 0.25s;\n    text-decoration: none;\n    line-height: 1;\n    border-radius: 4px;\n    margin-top: 6px;\n}\n#testimonial_form_20349.sp-tpro-fronted-form .sp-tpro-form-submit-button input[type='submit']:hover{\n    color: #ffffff;\n    background: #0081cc;\n}\n#testimonial_form_20349.sp-tpro-fronted-form .sp-tpro-client-rating:not(:checked)>label{\n    color: #d4d4d4;\n}\n#testimonial_form_20349.sp-tpro-fronted-form .sp-tpro-client-rating>input:checked~label {\n    color: #f3bb00;\n}\n#testimonial_form_20349.sp-tpro-fronted-form .sp-tpro-client-rating:not(:checked)>label:hover,\n#testimonial_form_20349.sp-tpro-fronted-form .sp-tpro-client-rating:not(:checked)>label:hover~label {\n    color: #de7202;\n}<\/style><div id=\"testimonial_form_20349\" class=\"sp-tpro-fronted-form\" data-form_id='20349' data-ajax-submission=''>\n<div class=\"sp-testimonial-form-container\">\n\t\t<form id=\"testimonial_form\" name=\"testimonial_form\" method=\"post\" action=\"\" enctype=\"multipart\/form-data\">\n\t\t<div class=\"sp-tpro-form-field\">\n<div class=\"sp-testimonial-label-section\">\n\t\t\t<label for=\"tpro_client_name20349\">Nom<\/label> \n\t\t\t\t<span class=\"sp-required-asterisk-symbol\">*<\/span>\n\t<\/div> <!-- end of sp-testimonial-label-section -->\n<div class=\"sp-testimonial-input-field\">\n\t\t<input type=\"text\" id=\"tpro_client_name20349\" name=\"tpro_client_name\" required placeholder=\"Saisir votre nom complet\" \/>\n\t<\/div> <!-- end of sp-testimonial-input-field -->\n<\/div> <!-- end of sp-tpro-form-field -->\n<div class=\"sp-tpro-form-field\">\n<div class=\"sp-testimonial-label-section\">\n\t\t\t<label for=\"tpro_client_email20349\">Adresse email<\/label>\t\t<span class=\"sp-required-asterisk-symbol\">*<\/span>\n\t<\/div> <!-- end of sp-testimonial-label-section -->\n<div class=\"sp-testimonial-input-field\">\n\t\t\t<input type=\"email\" name=\"tpro_client_email\" id=\"tpro_client_email20349\" required placeholder=\"Saisir votre adresse email\" \/>\n\t<\/div> <!-- end of sp-testimonial-input-field -->\n<\/div> <!-- end of sp-tpro-form-field -->\n<div class=\"sp-tpro-form-field\">\n<div class=\"sp-testimonial-label-section\">\n\t\t\t<label for=\"tpro_client_location20349\">Lieu<\/label>\n\t\t<\/div> <!-- end of sp-testimonial-label-section -->\n<div class=\"sp-testimonial-input-field\">\n\t\t<input type=\"text\" name=\"tpro_client_location\" id=\"tpro_client_location20349\"  placeholder=\"Saisir votre localisation (ville + pays)\" \/>\n\t<\/div> <!-- end of sp-testimonial-input-field -->\n<\/div> <!-- end of sp-tpro-form-field -->\n<div class=\"sp-tpro-form-field\">\n<div class=\"sp-testimonial-label-section\">\n\t\t<label for=\"tpro_client_website20349\">Site Web<\/label>\n\t<\/div> <!-- end of sp-testimonial-label-section -->\n<div class=\"sp-testimonial-input-field\">\n\t\t<input type=\"text\" name=\"tpro_client_website\" id=\"tpro_client_website20349\"  placeholder=\"Saisir l&#039;URL de votre site Web\" \/>\n\t<\/div> <!-- end of sp-testimonial-input-field -->\n<\/div> <!-- end of sp-tpro-form-field -->\n<div class=\"sp-tpro-form-field\">\n<div class=\"sp-testimonial-label-section\">\n\t\t<label for=\"tpro_client_company_name20349\">Nom de l&#039;organisation<\/label><\/div> <!-- end of sp-testimonial-label-section -->\n\t<div class=\"sp-testimonial-input-field\">\n\t\t<input type=\"text\" name=\"tpro_client_company_name\" id=\"tpro_client_company_name20349\"  placeholder=\"Saisir l&#039;organisation \u00e0 laquelle vous appartenez (ch\u0153ur, orchestre, \u00e9cole) \" \/>\n\t<\/div> <!-- end of sp-testimonial-input-field -->\n<\/div> <!-- end of sp-tpro-form-field -->\n<div class=\"sp-tpro-form-field\">\n<div class=\"sp-testimonial-label-section\">\n\t\t\t<label for=\"tpro_client_designation20349\"> R\u00f4le dans cette organisation<\/label>\n\t<\/div> <!-- end of sp-testimonial-label-section -->\n<div class=\"sp-testimonial-input-field\">\n\t\t<input type=\"text\" name=\"tpro_client_designation\" id=\"tpro_client_designation20349\"  placeholder=\"Saisir votre r\u00f4le (chanteur, chef de ch\u0153ur, compositeur)\" \/>\n\t<\/div> <!-- end of sp-testimonial-input-field -->\n<\/div> <!-- end of sp-tpro-form-field -->\n<div class=\"sp-tpro-form-field sp-tpro-form-title\" id=\"20349\">\n<div class=\"sp-testimonial-label-section\">\n\t\t\t<label for=\"tpro_testimonial_title20349\">Titre du t\u00e9moignage<\/label>\n\t\t\t\t<span class=\"sp-required-asterisk-symbol\">*<\/span>\n\t<\/div> <!-- end of sp-testimonial-label-section -->\n<div class=\"sp-testimonial-input-field testimonial-title\">\n\t\t<\/span>\n\t\t<input type=\"text\" name=\"tpro_testimonial_title\" id=\"tpro_testimonial_title20349\" required placeholder=\"Saisir le titre de votre t\u00e9moignage\" \/>\n\t<\/div> <!-- end of sp-testimonial-input-field -->\n<\/div> <!-- end of sp-tpro-form-field -->\n<div class=\"sp-tpro-form-field sp-tpro-form-content\">\n<div class=\"sp-testimonial-label-section\">\n\t\t\t<label for=\"tpro_client_testimonial20349\">T\u00e9moignage<\/label>\n\t\t\t\t<span class=\"sp-required-asterisk-symbol\">*<\/span>\n\t<\/div> <!-- end of sp-testimonial-label-section -->\n<div class=\"sp-testimonial-input-field testimonial-content\">\n\t\t<textarea rows=\"7\" type=\"text\" name=\"tpro_client_testimonial\" id=\"tpro_client_testimonial20349\" required placeholder=\"Que pensez-vous de mon travail ?\"><\/textarea>\n\t<\/div> <!-- end of sp-testimonial-input-field -->\n<\/div> <!-- end of sp-tpro-form-field -->\n<div class=\"sp-tpro-form-field\">\n<div class=\"sp-testimonial-label-section\">\n\t\t\t<label for=\"tpro_client_image20349\">Photo<\/label>\t\t<span class=\"sp-required-asterisk-symbol\">*<\/span>\n\t<\/div>\n<div class=\"sp-testimonial-input-field-img\">\n\t\t<input type=\"file\" name=\"tpro_client_image\" id=\"tpro_client_image20349\" required accept=\"image\/jpeg,image\/jpg,image\/png,\" \/>\n\t<\/div> <!-- end of sp-testimonial-input-field -->\n<\/div> <!-- end of sp-tpro-form-field -->\n<div class=\"sp-tpro-form-field\">\n<div class=\"sp-testimonial-label-section\">\n\t\t\t<label for=\"tpro_client_rating\">Evaluation<\/label>\n\t<\/div> <!-- end of sp-testimonial-label-section -->\n<div class=\"sp-testimonial-input-field\">\n<div class=\"sp-tpro-client-rating\">\n\t<input type=\"radio\" name=\"tpro_client_rating\" id=\"_tpro_rating_520349\" value=\"five_star\">\n\t<label for=\"_tpro_rating_520349\" title=\"Five Stars\"><i class=\"fa fa-star\"><\/i><\/label>\n\t<input type=\"radio\" name=\"tpro_client_rating\" id=\"_tpro_rating_420349\" value=\"four_star\">\n\t<label for=\"_tpro_rating_420349\" title=\"Four Stars\"><i class=\"fa fa-star\"><\/i><\/label>\n\n\t<input type=\"radio\" name=\"tpro_client_rating\" id=\"_tpro_rating_320349\" value=\"three_star\">\n\t<label for=\"_tpro_rating_320349\" title=\"Three Stars\"><i class=\"fa fa-star\"><\/i><\/label>\n\n\t<input type=\"radio\" name=\"tpro_client_rating\" id=\"_tpro_rating_220349\" value=\"two_star\">\n\t<label for=\"_tpro_rating_220349\" title=\"Two Star\"><i class=\"fa fa-star\"><\/i><\/label>\n\n\t<input type=\"radio\" name=\"tpro_client_rating\" id=\"_tpro_rating_120349\" value=\"one_star\">\n\t<label for=\"_tpro_rating_120349\" title=\"One Star\"><i class=\"fa fa-star\"><\/i><\/label>\n<\/div>\n<\/div> <!-- end of sp-testimonial-input-field -->\n<\/div> <!-- end of sp-tpro-form-field -->\n<div class=\"sp-tpro-form-submit-button\">\n\t<input type=\"hidden\" id=\"testimonial_form_nonce\" name=\"testimonial_form_nonce\" value=\"4357dec1a1\" \/><input type=\"hidden\" name=\"_wp_http_referer\" value=\"\/thenotebar\/fr\/wp-json\/wp\/v2\/pages\/8673\" \/>\t\t<input type=\"hidden\" id=\"token\" name=\"token\">\n\t\t<input type=\"submit\" value=\"Envoyer le t\u00e9moignage\" id=\"submit\" name=\"submit\" \/>\n\t<input type=\"hidden\" name=\"action\" value=\"testimonial_form20349\" \/>\n\t<\/div> <!-- end of sp-tpro-form-submit-button -->\n\t\t<script>\n\n\t\t<\/script>\n\t<\/form>\n<\/div>\n<\/div>\n\n","protected":false},"excerpt":{"rendered":"","protected":false},"author":1,"featured_media":0,"parent":0,"menu_order":0,"comment_status":"closed","ping_status":"closed","template":"template-parts\/template-with-sidebar.php","meta":{"_editorskit_title_hidden":false,"_editorskit_reading_time":0,"_editorskit_is_block_options_detached":false,"_editorskit_block_options_position":"{}","_uag_custom_page_level_css":"","footnotes":""},"class_list":["post-8673","page","type-page","status-publish","hentry","odd"],"uagb_featured_image_src":{"full":false,"thumbnail":false,"medium":false,"medium_large":false,"large":false,"tf-client-image-size":false,"1536x1536":false,"2048x2048":false,"rta_thumb_no_cropped_123x123":false,"rta_thumb_no_cropped_64x64":false,"md":false,"lg":false,"_nx_notification_thumb":false},"uagb_author_info":{"display_name":"Gr\u00e9gory","author_link":"https:\/\/kompozitor.fr\/thenotebar\/fr\/author\/kompozitor\/"},"uagb_comment_info":0,"uagb_excerpt":null,"_links":{"self":[{"href":"https:\/\/kompozitor.fr\/thenotebar\/fr\/wp-json\/wp\/v2\/pages\/8673","targetHints":{"allow":["GET"]}}],"collection":[{"href":"https:\/\/kompozitor.fr\/thenotebar\/fr\/wp-json\/wp\/v2\/pages"}],"about":[{"href":"https:\/\/kompozitor.fr\/thenotebar\/fr\/wp-json\/wp\/v2\/types\/page"}],"author":[{"embeddable":true,"href":"https:\/\/kompozitor.fr\/thenotebar\/fr\/wp-json\/wp\/v2\/users\/1"}],"replies":[{"embeddable":true,"href":"https:\/\/kompozitor.fr\/thenotebar\/fr\/wp-json\/wp\/v2\/comments?post=8673"}],"version-history":[{"count":0,"href":"https:\/\/kompozitor.fr\/thenotebar\/fr\/wp-json\/wp\/v2\/pages\/8673\/revisions"}],"wp:attachment":[{"href":"https:\/\/kompozitor.fr\/thenotebar\/fr\/wp-json\/wp\/v2\/media?parent=8673"}],"curies":[{"name":"wp","href":"https:\/\/api.w.org\/{rel}","templated":true}]}}