{"id":16057,"date":"2020-03-01T15:09:01","date_gmt":"2020-03-01T14:09:01","guid":{"rendered":"https:\/\/kompozitor.fr\/thenotebar\/liens\/"},"modified":"2021-01-31T15:07:29","modified_gmt":"2021-01-31T14:07:29","slug":"liens","status":"publish","type":"page","link":"https:\/\/kompozitor.fr\/thenotebar\/fr\/liens\/","title":{"rendered":"Liens"},"content":{"rendered":"\n<h3 class=\"tnb-links wp-block-heading\">Artistes<\/h3>\n\n\n\n<div class=\"wp-block-columns tnb-links is-layout-flex wp-container-core-columns-is-layout-1 wp-block-columns-is-layout-flex\">\n<div class=\"wp-block-column is-layout-flow wp-block-column-is-layout-flow\">\n<div class=\"wp-block-uagb-info-box tnb-box-shadow uagb-infobox__outer-wrap uagb-block-19d93311 has-tablet-text-align-justify has-mobile-text-align-justify\"><div class=\"uagb-infobox__content-wrap uagb-infobox uagb-infobox-has-image uagb-infobox-icon-left uagb-infobox-left uagb-infobox-stacked-mobile uagb-infobox-image-valign-middle uagb-infobox-enable-border-radius \"><div class=\"uagb-ifb-left-right-wrap\"><div class=\"uagb-ifb-image-icon-content uagb-ifb-imgicon-wrap\"><div class=\"uagb-ifb-image\"><div class=\"uagb-ifb-image-content\"><img decoding=\"async\" class=\"uagb-ifb-img-src\" src=\"https:\/\/kompozitor.fr\/thenotebar\/wp-content\/uploads\/anne-secq-delecroix.jpg\" alt=\"Anne Secq-Delecroix\" title=\"\"><\/div><\/div><\/div><div class=\"uagb-ifb-content\"><div class=\"uagb-ifb-title-wrap\"><h3 class=\"uagb-ifb-title\"><a class=\"ek-link ek-link\" href=\"http:\/\/trioarpeggio.free.fr\/anne-secq-delecroix.html\" target=\"_blank\" rel=\"noreferrer noopener nofollow\" aria-label=\"Anne Secq-Delecroix (opens in a new tab)\"><strong>Anne Secq-Delecroix<\/strong><\/a><\/h3><\/div><div class=\"uagb-ifb-text-wrap\"><p class=\"uagb-ifb-desc\">Professeur d\u2019orchestration et d\u2019harmonie, Anne est \u00e9galement une talentueuse pianiste concertiste de musique de chambre au sein du Trio Bor\u00e9ade. Voici sa\u00a0<a rel=\"noreferrer noopener nofollow\" href=\"http:\/\/trioarpeggio.free.fr\/anne-secq-delecroix.html\" target=\"_blank\"><em>biographie<\/em><\/a>.<\/p><\/div><\/div><\/div><\/div><\/div>\n\n\n\n<div style=\"height:20px\" aria-hidden=\"true\" class=\"wp-block-spacer\"><\/div>\n\n\n\n<div class=\"wp-block-uagb-info-box tnb-box-shadow uagb-infobox__outer-wrap uagb-block-47ea4c3d has-tablet-text-align-justify has-mobile-text-align-justify\"><div class=\"uagb-infobox__content-wrap uagb-infobox uagb-infobox-has-image uagb-infobox-icon-left uagb-infobox-left uagb-infobox-stacked-mobile uagb-infobox-image-valign-middle uagb-infobox-enable-border-radius \"><div class=\"uagb-ifb-left-right-wrap\"><div class=\"uagb-ifb-image-icon-content uagb-ifb-imgicon-wrap\"><div class=\"uagb-ifb-image\"><div class=\"uagb-ifb-image-content\"><img decoding=\"async\" class=\"uagb-ifb-img-src\" src=\"https:\/\/kompozitor.fr\/thenotebar\/wp-content\/uploads\/gps-trio.jpg\" alt=\"GPS Trio\" title=\"\"><\/div><\/div><\/div><div class=\"uagb-ifb-content\"><div class=\"uagb-ifb-title-wrap\"><h3 class=\"uagb-ifb-title\"><a class=\"ek-link ek-link\" href=\"https:\/\/www.gps-trio.be\/\" target=\"_blank\" rel=\"noreferrer noopener nofollow\" aria-label=\"GPS Trio (opens in a new tab)\"><strong>GPS Trio<\/strong><\/a><\/h3><\/div><div class=\"uagb-ifb-text-wrap\"><p class=\"uagb-ifb-desc\"><em><a rel=\"noreferrer noopener nofollow\" href=\"https:\/\/www.gps-trio.be\/gps-trio\/#cc-m-imagesubtitle-image-8868620697\" target=\"_blank\">Philippe\u00a0<strong>G<\/strong>oesseels<\/a><\/em>,\u00a0<em><a rel=\"noreferrer noopener nofollow\" href=\"https:\/\/www.gps-trio.be\/gps-trio\/#cc-m-imagesubtitle-image-8868640697\" target=\"_blank\">Grazia\u00a0<strong>P<\/strong>revidi<\/a><\/em>\u00a0et\u00a0<em><a rel=\"noreferrer noopener nofollow\" href=\"https:\/\/www.gps-trio.be\/gps-trio\/#cc-m-imagesubtitle-image-8868657397\" target=\"_blank\">B\u00e9atrice\u00a0<strong>S<\/strong>epulchre<\/a><\/em>\u00a0ont cr\u00e9\u00e9 un r\u00e9pertoire original qu\u2019ils interpr\u00e8tent \u00e0 l\u2019occasion de concerts spirituels ou de soir\u00e9e de pri\u00e8re.<\/p><\/div><\/div><\/div><\/div><\/div>\n\n\n\n<div style=\"height:20px\" aria-hidden=\"true\" class=\"wp-block-spacer\"><\/div>\n\n\n\n<div class=\"wp-block-uagb-info-box tnb-box-shadow uagb-infobox__outer-wrap uagb-block-fd0a7411 has-tablet-text-align-justify has-mobile-text-align-justify\"><div class=\"uagb-infobox__content-wrap uagb-infobox uagb-infobox-has-image uagb-infobox-icon-left uagb-infobox-left uagb-infobox-stacked-mobile uagb-infobox-image-valign-middle uagb-infobox-enable-border-radius \"><div class=\"uagb-ifb-left-right-wrap\"><div class=\"uagb-ifb-image-icon-content uagb-ifb-imgicon-wrap\"><div class=\"uagb-ifb-image\"><div class=\"uagb-ifb-image-content\"><img decoding=\"async\" class=\"uagb-ifb-img-src\" src=\"https:\/\/kompozitor.fr\/thenotebar\/wp-content\/uploads\/icohcmc.jpg\" alt=\"International Choir and Orchestra of Ho Chi Minh City\" title=\"\"><\/div><\/div><\/div><div class=\"uagb-ifb-content\"><div class=\"uagb-ifb-title-wrap\"><h3 class=\"uagb-ifb-title\"><a class=\"ek-link\" href=\"https:\/\/icohcmc.com\/\" target=\"_blank\" rel=\"noreferrer noopener nofollow\" aria-label=\" (opens in a new tab)\"><strong>ICOHCMC<\/strong><\/a><\/h3><\/div><div class=\"uagb-ifb-text-wrap\"><p class=\"uagb-ifb-desc\">Le r\u00e9pertoire des Ch\u0153ur et Orchestre Internationaux de Ho CHi Ville inclue des \u0153uvres classiques, ainsi que de la com\u00e9die musicale, des chants traditionnels et de No\u00ebl dans de nombreuses langues.<\/p><\/div><\/div><\/div><\/div><\/div>\n\n\n\n<div style=\"height:20px\" aria-hidden=\"true\" class=\"wp-block-spacer\"><\/div>\n\n\n\n<div class=\"wp-block-uagb-info-box tnb-box-shadow uagb-infobox__outer-wrap uagb-block-2904dc20\"><div class=\"uagb-infobox__content-wrap uagb-infobox uagb-infobox-has-image uagb-infobox-icon-left uagb-infobox-left uagb-infobox-stacked-mobile uagb-infobox-image-valign-middle uagb-infobox-enable-border-radius \"><div class=\"uagb-ifb-left-right-wrap\"><div class=\"uagb-ifb-image-icon-content uagb-ifb-imgicon-wrap\"><div class=\"uagb-ifb-image\"><div class=\"uagb-ifb-image-content\"><img decoding=\"async\" class=\"uagb-ifb-img-src\" src=\"https:\/\/kompozitor.fr\/thenotebar\/wp-content\/uploads\/trio-boreade.png\" alt=\"Trio Bor\u00e9ade\" title=\"\"><\/div><\/div><\/div><div class=\"uagb-ifb-content\"><div class=\"uagb-ifb-title-wrap\"><h3 class=\"uagb-ifb-title\"><a class=\"ek-link ek-link\" href=\"https:\/\/www.claudebernard-amidespoetes.com\/\" target=\"_blank\" rel=\"noreferrer noopener nofollow\" aria-label=\"Claude Bernard (opens in a new tab)\"><strong>Trio Bor\u00e9ade<\/strong><\/a><\/h3><\/div><div class=\"uagb-ifb-text-wrap\"><p class=\"uagb-ifb-desc\">Le r\u00e9pertoire de\u00a0<em><a rel=\"noreferrer noopener nofollow\" href=\"http:\/\/trioboreade.free.fr\/anne-secq.delecroix.html\" target=\"_blank\">Anne Secq-Delecroix<\/a><\/em>,\u00a0<a rel=\"noreferrer noopener nofollow\" href=\"http:\/\/trioboreade.free.fr\/yasmine-hammani.html\" target=\"_blank\"><em>Yasmine Hammani<\/em><\/a>\u00a0and\u00a0<em><a rel=\"noreferrer noopener nofollow\" href=\"http:\/\/trioboreade.free.fr\/clement-vandamme.html\" target=\"_blank\">Cl\u00e9ment Vandamme<\/a><\/em>, illustre la richesse de l\u2019inspiration des plus grands compositeurs.<\/p><\/div><\/div><\/div><\/div><\/div>\n<\/div>\n\n\n\n<div class=\"wp-block-column is-layout-flow wp-block-column-is-layout-flow\">\n<div style=\"height:20px\" aria-hidden=\"true\" class=\"wp-block-spacer editorskit-no-desktop editorskit-no-tablet\"><\/div>\n\n\n\n<div class=\"wp-block-uagb-info-box tnb-box-shadow uagb-infobox__outer-wrap uagb-block-5bfbf470\"><div class=\"uagb-infobox__content-wrap uagb-infobox uagb-infobox-has-image uagb-infobox-icon-left uagb-infobox-left uagb-infobox-stacked-mobile uagb-infobox-image-valign-middle uagb-infobox-enable-border-radius \"><div class=\"uagb-ifb-left-right-wrap\"><div class=\"uagb-ifb-image-icon-content uagb-ifb-imgicon-wrap\"><div class=\"uagb-ifb-image\"><div class=\"uagb-ifb-image-content\"><img decoding=\"async\" class=\"uagb-ifb-img-src\" src=\"https:\/\/kompozitor.fr\/thenotebar\/wp-content\/uploads\/claude-bernard-2.jpg\" alt=\"Claude Bernard\" title=\"\"><\/div><\/div><\/div><div class=\"uagb-ifb-content\"><div class=\"uagb-ifb-title-wrap\"><h3 class=\"uagb-ifb-title\"><a class=\"ek-link ek-link\" href=\"https:\/\/www.claudebernard-amidespoetes.com\/\" target=\"_blank\" rel=\"noreferrer noopener nofollow\" aria-label=\"Claude Bernard (opens in a new tab)\"><strong>Claude Bernard<\/strong><\/a><\/h3><\/div><div class=\"uagb-ifb-text-wrap\"><p class=\"uagb-ifb-desc\">Claude est un fantastique po\u00e8te et auteur de chants liturgiques, \u00e9galement tr\u00e8s engag\u00e9 socialement. Par ici pour d\u00e9couvrir sa\u00a0<a rel=\"noreferrer noopener nofollow\" href=\"https:\/\/www.claudebernard-amidespoetes.com\/Portrait.J.htm\" target=\"_blank\"><em>biographie<\/em><\/a>.<\/p><\/div><\/div><\/div><\/div><\/div>\n\n\n\n<div style=\"height:20px\" aria-hidden=\"true\" class=\"wp-block-spacer\"><\/div>\n\n\n\n<div class=\"wp-block-uagb-info-box tnb-box-shadow uagb-infobox__outer-wrap uagb-block-fefae721\"><div class=\"uagb-infobox__content-wrap uagb-infobox uagb-infobox-has-image uagb-infobox-icon-left uagb-infobox-left uagb-infobox-stacked-mobile uagb-infobox-image-valign-middle uagb-infobox-enable-border-radius \"><div class=\"uagb-ifb-left-right-wrap\"><div class=\"uagb-ifb-image-icon-content uagb-ifb-imgicon-wrap\"><div class=\"uagb-ifb-image\"><div class=\"uagb-ifb-image-content\"><img decoding=\"async\" class=\"uagb-ifb-img-src\" src=\"https:\/\/kompozitor.fr\/thenotebar\/wp-content\/uploads\/harmonia-sacra.jpg\" alt=\"Harmonia Sacra\" title=\"\"><\/div><\/div><\/div><div class=\"uagb-ifb-content\"><div class=\"uagb-ifb-title-wrap\"><h3 class=\"uagb-ifb-title\"><a class=\"ek-link\" href=\"https:\/\/www.harmoniasacra.com\/harmonia-sacra.html\" target=\"_blank\" rel=\"noreferrer noopener nofollow\" aria-label=\" (opens in a new tab)\"><strong>Harmonia Sacra<\/strong><\/a><\/h3><\/div><div class=\"uagb-ifb-text-wrap\"><p class=\"uagb-ifb-desc\">Cr\u00e9\u00e9 en 2002 par\u00a0<a href=\"https:\/\/kompozitor.fr\/thenotebar\/fr\/artists\/yannick-lemaire-fr\/\" target=\"_blank\" rel=\"noreferrer noopener\" class=\"ek-link\"><em>Yannick\u00a0Lemaire<\/em><\/a>, son directeur artistique,\u00a0Harmonia Sacra\u00a0 explore principalement le r\u00e9pertoire de la musique sacr\u00e9e des XVII\u00e8me et XVIII\u00e8me si\u00e8cles.<\/p><\/div><\/div><\/div><\/div><\/div>\n\n\n\n<div style=\"height:20px\" aria-hidden=\"true\" class=\"wp-block-spacer\"><\/div>\n\n\n\n<div class=\"wp-block-uagb-info-box tnb-box-shadow uagb-infobox__outer-wrap uagb-block-fe5f9d36\"><div class=\"uagb-infobox__content-wrap uagb-infobox uagb-infobox-has-image uagb-infobox-icon-left uagb-infobox-left uagb-infobox-stacked-mobile uagb-infobox-image-valign-middle uagb-infobox-enable-border-radius \"><div class=\"uagb-ifb-left-right-wrap\"><div class=\"uagb-ifb-image-icon-content uagb-ifb-imgicon-wrap\"><div class=\"uagb-ifb-image\"><div class=\"uagb-ifb-image-content\"><img decoding=\"async\" class=\"uagb-ifb-img-src\" src=\"https:\/\/kompozitor.fr\/thenotebar\/wp-content\/uploads\/saigon-chamber-consort.jpg\" alt=\"Saigon Chamber Consort\" title=\"\"><\/div><\/div><\/div><div class=\"uagb-ifb-content\"><div class=\"uagb-ifb-title-wrap\"><h3 class=\"uagb-ifb-title\"><a class=\"ek-link broken_link\" href=\"https:\/\/www.facebook.com\/SaigonChamberConsort\/\" target=\"_blank\" rel=\"noreferrer noopener nofollow\" label=\" (opens in a new tab)\"><strong>Saigon Chamber Consort<\/strong><\/a><\/h3><\/div><div class=\"uagb-ifb-text-wrap\"><p class=\"uagb-ifb-desc\">Cr\u00e9\u00e9 en 1996 par Gr\u00e9gory Notebaert et Jessica Lowry, le Saigon Chamber Consort est le premier ch\u0153ur de chambre baroque du Vietnam. Son r\u00e9pertoire inclue toutes les traditions de la musique baroque.<\/p><\/div><\/div><\/div><\/div><\/div>\n\n\n\n<div style=\"height:20px\" aria-hidden=\"true\" class=\"wp-block-spacer\"><\/div>\n\n\n\n<div class=\"wp-block-uagb-info-box tnb-box-shadow uagb-infobox__outer-wrap uagb-block-51e8746e\"><div class=\"uagb-infobox__content-wrap uagb-infobox uagb-infobox-has-image uagb-infobox-icon-left uagb-infobox-left uagb-infobox-stacked-mobile uagb-infobox-image-valign-middle uagb-infobox-enable-border-radius \"><div class=\"uagb-ifb-left-right-wrap\"><div class=\"uagb-ifb-image-icon-content uagb-ifb-imgicon-wrap\"><div class=\"uagb-ifb-image\"><div class=\"uagb-ifb-image-content\"><img decoding=\"async\" class=\"uagb-ifb-img-src\" src=\"https:\/\/kompozitor.fr\/thenotebar\/wp-content\/uploads\/yannick-lemaire.jpg\" alt=\"Yannick Lemaire\" title=\"\"><\/div><\/div><\/div><div class=\"uagb-ifb-content\"><div class=\"uagb-ifb-title-wrap\"><h3 class=\"uagb-ifb-title\"><a class=\"ek-link\" href=\"https:\/\/www.harmoniasacra.com\/direction-musicale.html\" target=\"_blank\" rel=\"noreferrer noopener nofollow\" aria-label=\" (opens in a new tab)\"><strong>Yannick Lemaire<\/strong><\/a><\/h3><\/div><div class=\"uagb-ifb-text-wrap\"><p class=\"uagb-ifb-desc\">Directeur artistique de\u00a0<em><a rel=\"noreferrer noopener\" href=\"https:\/\/kompozitor.fr\/thenotebar\/fr\/artists\/harmonia-sacra-fr\/\" target=\"_blank\">Harmonia Sacra<\/a><\/em>\u00a0et du festival\u00a0<em><a rel=\"noreferrer noopener nofollow\" href=\"https:\/\/www.embaroquement.com\/\" target=\"_blank\">Embar(o)quement imm\u00e9diat !<\/a><\/em>, il est membre du comit\u00e9 de pilotage de <em>Hainaut, terre musicale<\/em>.<\/p><\/div><\/div><\/div><\/div><\/div>\n\n\n\n<p><\/p>\n<\/div>\n<\/div>\n\n\n\n<hr class=\"wp-block-separator is-style-wide\"\/>\n\n\n\n<h3 class=\"tnb-links wp-block-heading\">Associations<\/h3>\n\n\n\n<div class=\"wp-block-columns tnb-links is-layout-flex wp-container-core-columns-is-layout-2 wp-block-columns-is-layout-flex\">\n<div class=\"wp-block-column is-layout-flow wp-block-column-is-layout-flow\">\n<div class=\"wp-block-uagb-info-box tnb-box-shadow uagb-infobox__outer-wrap uagb-block-3dc382b9 has-tablet-text-align-justify has-mobile-text-align-justify\"><div class=\"uagb-infobox__content-wrap uagb-infobox uagb-infobox-has-image uagb-infobox-icon-left uagb-infobox-left uagb-infobox-stacked-mobile uagb-infobox-image-valign-middle uagb-infobox-enable-border-radius \"><div class=\"uagb-ifb-left-right-wrap\"><div class=\"uagb-ifb-image-icon-content uagb-ifb-imgicon-wrap\"><div class=\"uagb-ifb-image\"><div class=\"uagb-ifb-image-content\"><img decoding=\"async\" class=\"uagb-ifb-img-src\" src=\"https:\/\/kompozitor.fr\/thenotebar\/wp-content\/uploads\/accrel.png\" alt=\"ACCREL - Logo\" title=\"\"><\/div><\/div><\/div><div class=\"uagb-ifb-content\"><div class=\"uagb-ifb-title-wrap\"><h3 class=\"uagb-ifb-title\"><a class=\"ek-link ek-link\" href=\"https:\/\/accrel.net\/\" target=\"_blank\" rel=\"noreferrer noopener nofollow\" aria-label=\" (opens in a new tab)\"><strong>ACCREL<\/strong><\/a><\/h3><\/div><div class=\"uagb-ifb-text-wrap\"><p class=\"uagb-ifb-desc\">L\u2019ACCREL (association des\u00a0<strong>A<\/strong>uteurs et\u00a0<strong>C<\/strong>ompositeurs de\u00a0<strong>C<\/strong>hants\u00a0<strong>REL<\/strong>igieux) est ouverte \u00e0 tous les auteurs et compositeurs de r\u00e9pertoire pour l\u2019Eglise Catholique.<\/p><\/div><\/div><\/div><\/div><\/div>\n\n\n\n<div style=\"height:20px\" aria-hidden=\"true\" class=\"wp-block-spacer\"><\/div>\n\n\n\n<div class=\"wp-block-uagb-info-box tnb-box-shadow uagb-infobox__outer-wrap uagb-block-7d6a5afe has-tablet-text-align-justify has-mobile-text-align-justify\"><div class=\"uagb-infobox__content-wrap uagb-infobox uagb-infobox-has-image uagb-infobox-icon-left uagb-infobox-left uagb-infobox-stacked-mobile uagb-infobox-image-valign-middle uagb-infobox-enable-border-radius \"><div class=\"uagb-ifb-left-right-wrap\"><div class=\"uagb-ifb-image-icon-content uagb-ifb-imgicon-wrap\"><div class=\"uagb-ifb-image\"><div class=\"uagb-ifb-image-content\"><img decoding=\"async\" class=\"uagb-ifb-img-src\" src=\"https:\/\/kompozitor.fr\/thenotebar\/wp-content\/uploads\/universa-laus.jpg\" alt=\"Universa Laus\" title=\"\"><\/div><\/div><\/div><div class=\"uagb-ifb-content\"><div class=\"uagb-ifb-title-wrap\"><h3 class=\"uagb-ifb-title\"><a class=\"ek-link ek-link ek-link broken_link\" href=\"https:\/\/universalaus.org\/\" target=\"_blank\" rel=\"noreferrer noopener nofollow\" label=\" (opens in a new tab)\"><strong>Univers Laus<\/strong><\/a><\/h3><\/div><div class=\"uagb-ifb-text-wrap\"><p class=\"uagb-ifb-desc\">Groupe International d\u2019\u00e9tude pour le chant liturgique et la musique instrumentale liturgique.<\/p><\/div><\/div><\/div><\/div><\/div>\n<\/div>\n\n\n\n<div class=\"wp-block-column is-layout-flow wp-block-column-is-layout-flow\">\n<div style=\"height:20px\" aria-hidden=\"true\" class=\"wp-block-spacer editorskit-no-desktop editorskit-no-tablet\"><\/div>\n\n\n\n<div class=\"wp-block-uagb-info-box tnb-box-shadow uagb-infobox__outer-wrap uagb-block-5c7096bb has-tablet-text-align-justify has-mobile-text-align-justify\"><div class=\"uagb-infobox__content-wrap uagb-infobox uagb-infobox-has-image uagb-infobox-icon-left uagb-infobox-left uagb-infobox-stacked-mobile uagb-infobox-image-valign-middle uagb-infobox-enable-border-radius \"><div class=\"uagb-ifb-left-right-wrap\"><div class=\"uagb-ifb-image-icon-content uagb-ifb-imgicon-wrap\"><div class=\"uagb-ifb-image\"><div class=\"uagb-ifb-image-content\"><img decoding=\"async\" class=\"uagb-ifb-img-src\" src=\"https:\/\/kompozitor.fr\/thenotebar\/wp-content\/uploads\/ancoli.png\" alt=\"Ancoli\" title=\"\"><\/div><\/div><\/div><div class=\"uagb-ifb-content\"><div class=\"uagb-ifb-title-wrap\"><h3 class=\"uagb-ifb-title\"><a class=\"ek-link\" href=\"https:\/\/www.ancoli.com\/\" target=\"_blank\" rel=\"noreferrer noopener nofollow\" aria-label=\" (opens in a new tab)\"><strong>ANCOLI<\/strong><\/a><\/h3><\/div><div class=\"uagb-ifb-text-wrap\"><p class=\"uagb-ifb-desc\">L\u2019ANCOLI a pour but de promouvoir la musique liturgique et la musique sacr\u00e9e dans l\u2019esprit de Vatican II, en lien avec l\u2019Eglise de France.<\/p><\/div><\/div><\/div><\/div><\/div>\n\n\n\n<div style=\"height:20px\" aria-hidden=\"true\" class=\"wp-block-spacer\"><\/div>\n<\/div>\n<\/div>\n\n\n\n<hr class=\"wp-block-separator is-style-wide\"\/>\n\n\n\n<h3 class=\"tnb-links wp-block-heading\">Partitions<\/h3>\n\n\n\n<div class=\"wp-block-columns tnb-links is-layout-flex wp-container-core-columns-is-layout-3 wp-block-columns-is-layout-flex\">\n<div class=\"wp-block-column is-layout-flow wp-block-column-is-layout-flow\">\n<div class=\"wp-block-uagb-info-box tnb-box-shadow uagb-infobox__outer-wrap uagb-block-094ba29b has-tablet-text-align-justify has-mobile-text-align-justify\"><div class=\"uagb-infobox__content-wrap uagb-infobox uagb-infobox-has-image uagb-infobox-icon-left uagb-infobox-left uagb-infobox-stacked-mobile uagb-infobox-image-valign-middle uagb-infobox-enable-border-radius \"><div class=\"uagb-ifb-left-right-wrap\"><div class=\"uagb-ifb-image-icon-content uagb-ifb-imgicon-wrap\"><div class=\"uagb-ifb-image\"><div class=\"uagb-ifb-image-content\"><img decoding=\"async\" class=\"uagb-ifb-img-src\" src=\"https:\/\/kompozitor.fr\/thenotebar\/wp-content\/uploads\/voix-nouvelles.png\" alt=\"Voix Nouvelles\" title=\"\"><\/div><\/div><\/div><div class=\"uagb-ifb-content\"><div class=\"uagb-ifb-title-wrap\"><h3 class=\"uagb-ifb-title\"><a class=\"ek-link\" href=\"https:\/\/www.voix-nouvelles.com\/\" target=\"_blank\" rel=\"noreferrer noopener nofollow\" aria-label=\" (opens in a new tab)\"><strong>Voix Nouvelles<\/strong><\/a><\/h3><\/div><div class=\"uagb-ifb-text-wrap\"><p class=\"uagb-ifb-desc\">Magazine de chant liturgique et de musique sacr\u00e9e, \u00e0 l\u2019intention des chefs de ch\u0153ur, chanteurs, pr\u00eatres et \u00e9quipes liturgiques.<\/p><\/div><\/div><\/div><\/div><\/div>\n\n\n\n<div style=\"height:20px\" aria-hidden=\"true\" class=\"wp-block-spacer\"><\/div>\n\n\n\n<div class=\"wp-block-uagb-info-box tnb-box-shadow uagb-infobox__outer-wrap uagb-block-3dedf157 has-tablet-text-align-justify has-mobile-text-align-justify\"><div class=\"uagb-infobox__content-wrap uagb-infobox uagb-infobox-has-image uagb-infobox-icon-left uagb-infobox-left uagb-infobox-stacked-mobile uagb-infobox-image-valign-middle uagb-infobox-enable-border-radius \"><div class=\"uagb-ifb-left-right-wrap\"><div class=\"uagb-ifb-image-icon-content uagb-ifb-imgicon-wrap\"><div class=\"uagb-ifb-image\"><div class=\"uagb-ifb-image-content\"><img decoding=\"async\" class=\"uagb-ifb-img-src\" src=\"https:\/\/kompozitor.fr\/thenotebar\/wp-content\/uploads\/secli.png\" alt=\"Secli Transparent - Logo\" title=\"\"><\/div><\/div><\/div><div class=\"uagb-ifb-content\"><div class=\"uagb-ifb-title-wrap\"><h3 class=\"uagb-ifb-title\"><a class=\"ek-link\" href=\"http:\/\/demo.secli-cef.fr\/\" target=\"_blank\" rel=\"noreferrer noopener nofollow\" aria-label=\" (opens in a new tab)\"><strong>SECLI<\/strong><\/a><\/h3><\/div><div class=\"uagb-ifb-text-wrap\"><p class=\"uagb-ifb-desc\">Le\u00a0<strong>S<\/strong>ecr\u00e9tariat des\u00a0<strong>\u00c9<\/strong>diteurs de\u00a0<strong>C<\/strong>hants pour la\u00a0<strong>LI<\/strong>turgie, regroupe plusieurs services pour les auteurs, compositeurs et \u00e9diteurs de musique liturgique.<\/p><\/div><\/div><\/div><\/div><\/div>\n<\/div>\n\n\n\n<div class=\"wp-block-column is-layout-flow wp-block-column-is-layout-flow\">\n<div style=\"height:20px\" aria-hidden=\"true\" class=\"wp-block-spacer editorskit-no-desktop editorskit-no-tablet\"><\/div>\n\n\n\n<div class=\"wp-block-uagb-info-box tnb-box-shadow uagb-infobox__outer-wrap uagb-block-61133980 has-tablet-text-align-justify has-mobile-text-align-justify\"><div class=\"uagb-infobox__content-wrap uagb-infobox uagb-infobox-has-image uagb-infobox-icon-left uagb-infobox-left uagb-infobox-stacked-mobile uagb-infobox-image-valign-middle uagb-infobox-enable-border-radius \"><div class=\"uagb-ifb-left-right-wrap\"><div class=\"uagb-ifb-image-icon-content uagb-ifb-imgicon-wrap\"><div class=\"uagb-ifb-image\"><div class=\"uagb-ifb-image-content\"><img decoding=\"async\" class=\"uagb-ifb-img-src\" src=\"https:\/\/kompozitor.fr\/thenotebar\/wp-content\/uploads\/chantons-en-eglise.png\" alt=\"Chantons en Eglise\" title=\"\"><\/div><\/div><\/div><div class=\"uagb-ifb-content\"><div class=\"uagb-ifb-title-wrap\"><h3 class=\"uagb-ifb-title\"><a class=\"ek-link\" href=\"https:\/\/www.chantonseneglise.fr\/accueil\" target=\"_blank\" rel=\"noreferrer noopener nofollow\" aria-label=\" (opens in a new tab)\"><strong>Chantons en Eglise<\/strong><\/a><\/h3><\/div><div class=\"uagb-ifb-text-wrap\"><p class=\"uagb-ifb-desc\">Ce site web est un des principaux sites pour trouver des partitions et des MP3 de chants liturgiques en France.<\/p><\/div><\/div><\/div><\/div><\/div>\n\n\n\n<div style=\"height:20px\" aria-hidden=\"true\" class=\"wp-block-spacer\"><\/div>\n<\/div>\n<\/div>\n\n\n\n<p><\/p>\n","protected":false},"excerpt":{"rendered":"<p>Artistes Associations Partitions<\/p>\n","protected":false},"author":1,"featured_media":0,"parent":0,"menu_order":0,"comment_status":"closed","ping_status":"closed","template":"template-parts\/template-with-fullwidth.php","meta":{"_editorskit_title_hidden":false,"_editorskit_reading_time":1,"_editorskit_is_block_options_detached":false,"_editorskit_block_options_position":"{}","_uag_custom_page_level_css":"","footnotes":""},"class_list":["post-16057","page","type-page","status-publish","hentry","odd"],"uagb_featured_image_src":{"full":false,"thumbnail":false,"medium":false,"medium_large":false,"large":false,"tf-client-image-size":false,"1536x1536":false,"2048x2048":false,"rta_thumb_no_cropped_123x123":false,"rta_thumb_no_cropped_64x64":false,"md":false,"lg":false,"_nx_notification_thumb":false},"uagb_author_info":{"display_name":"Gr\u00e9gory","author_link":"https:\/\/kompozitor.fr\/thenotebar\/fr\/author\/kompozitor\/"},"uagb_comment_info":0,"uagb_excerpt":"Artistes Associations Partitions","_links":{"self":[{"href":"https:\/\/kompozitor.fr\/thenotebar\/fr\/wp-json\/wp\/v2\/pages\/16057","targetHints":{"allow":["GET"]}}],"collection":[{"href":"https:\/\/kompozitor.fr\/thenotebar\/fr\/wp-json\/wp\/v2\/pages"}],"about":[{"href":"https:\/\/kompozitor.fr\/thenotebar\/fr\/wp-json\/wp\/v2\/types\/page"}],"author":[{"embeddable":true,"href":"https:\/\/kompozitor.fr\/thenotebar\/fr\/wp-json\/wp\/v2\/users\/1"}],"replies":[{"embeddable":true,"href":"https:\/\/kompozitor.fr\/thenotebar\/fr\/wp-json\/wp\/v2\/comments?post=16057"}],"version-history":[{"count":0,"href":"https:\/\/kompozitor.fr\/thenotebar\/fr\/wp-json\/wp\/v2\/pages\/16057\/revisions"}],"wp:attachment":[{"href":"https:\/\/kompozitor.fr\/thenotebar\/fr\/wp-json\/wp\/v2\/media?parent=16057"}],"curies":[{"name":"wp","href":"https:\/\/api.w.org\/{rel}","templated":true}]}}