{"id":15129,"date":"2019-02-27T14:32:50","date_gmt":"2019-02-27T13:32:50","guid":{"rendered":"https:\/\/kompozitor.fr\/thenotebar\/politique-de-confidentialite\/"},"modified":"2020-11-02T15:24:13","modified_gmt":"2020-11-02T14:24:13","slug":"politique-de-confidentialite","status":"publish","type":"page","link":"https:\/\/kompozitor.fr\/thenotebar\/fr\/politique-de-confidentialite\/","title":{"rendered":"Politique de confidentialit\u00e9"},"content":{"rendered":"\n<h2 class=\"wp-block-heading\">Qui nous sommes<\/h2>\n\n<p class=\"has-text-align-justify\">The Note Bar est le site personnel de Gr\u00e9gory Notebaert sur lequel vous pouvez avoir un aper\u00e7u de ses oeuvres musicales et t\u00e9l\u00e9charger ses compositions. L&#8217;adresse du site Web de <strong> <em> The Note Bar<\/em> <\/strong> est : https:\/\/kompozitor.fr\/thenotebar\/fr .<\/p>\n\n<h2 class=\"wp-block-heading\"> Quelles donn\u00e9es personnelles nous collectons et pourquoi nous les collectons<\/h2>\n\n<h3 class=\"wp-block-heading\">Commentaires<\/h3>\n\n<p class=\"has-text-align-justify\"> Lorsque les visiteurs laissent des commentaires sur le site, nous collectons les donn\u00e9es affich\u00e9es dans le formulaire de commentaires, ainsi que l&#8217;adresse IP du visiteur et la cha\u00eene d&#8217;agent utilisateur du navigateur pour faciliter la d\u00e9tection du spam.<\/p>\n\n<p class=\"has-text-align-justify\">Une cha\u00eene anonymis\u00e9e cr\u00e9\u00e9e \u00e0 partir de votre adresse e-mail (\u00e9galement appel\u00e9e hachage) peut \u00eatre fournie au service Gravatar pour voir si vous l&#8217;utilisez. La politique de confidentialit\u00e9 du service Gravatar est disponible ici: https:\/\/automattic.com\/privacy\/. Apr\u00e8s approbation de votre commentaire, votre photo de profil est visible au public dans le cadre de votre commentaire.<\/p>\n\n<h3 class=\"wp-block-heading\">M\u00e9dias<\/h3>\n\n<p class=\"has-text-align-justify\">Si vous t\u00e9l\u00e9chargez des images sur le site Web, vous devez \u00e9viter de t\u00e9l\u00e9charger des images avec des donn\u00e9es de localisation int\u00e9gr\u00e9es (EXIF GPS) incluses. Les visiteurs du site Web peuvent t\u00e9l\u00e9charger et extraire toutes les donn\u00e9es de localisation des images sur le site Web.<\/p>\n\n<h3 class=\"wp-block-heading\">Formulaires de contact<\/h3>\n\n<p>Si vous nous contactez sur l&#8217;un des formulaires de contact du site ou si vous laissez un t\u00e9moignage, votre nom, votre adresse e-mail et les photos t\u00e9l\u00e9charg\u00e9es sont enregistr\u00e9es dans notre base de donn\u00e9es.<\/p>\n\n<h3 class=\"wp-block-heading\">Cookies<\/h3>\n\n<p class=\"has-text-align-justify\">Si vous laissez un commentaire sur notre site, vous pouvez choisir d&#8217;enregistrer votre nom, votre adresse e-mail et votre site Web dans des cookies. Ce sont pour votre commodit\u00e9 afin que vous n&#8217;ayez pas \u00e0 saisir \u00e0 nouveau vos coordonn\u00e9es lorsque vous laissez un autre commentaire. Ces cookies dureront un an.<\/p>\n\n<p class=\"has-text-align-justify\">Si vous avez un compte et que vous vous connectez \u00e0 ce site, nous installerons un cookie temporaire pour d\u00e9terminer si votre navigateur accepte les cookies. Ce cookie ne contient aucune donn\u00e9e personnelle et est supprim\u00e9 lorsque vous fermez votre navigateur.<\/p>\n\n<p class=\"has-text-align-justify\">Lorsque vous vous connectez, nous installons \u00e9galement plusieurs cookies pour enregistrer vos informations de connexion et vos choix d&#8217;affichage \u00e0 l&#8217;\u00e9cran. Les cookies de connexion durent deux jours et les cookies d&#8217;options d&#8217;\u00e9cran durent un an. Si vous s\u00e9lectionnez &#8220;Se souvenir de moi&#8221;, votre connexion persistera pendant deux semaines. Si vous vous d\u00e9connectez de votre compte, les cookies de connexion seront supprim\u00e9s.<\/p>\n\n<p class=\"has-text-align-justify\">Si vous modifiez ou publiez un article, un cookie suppl\u00e9mentaire sera enregistr\u00e9 dans votre navigateur. Ce cookie ne contient aucune donn\u00e9e personnelle et indique simplement l&#8217;identifiant de l&#8217;article que vous venez de modifier. Il expire apr\u00e8s 1 jour.<\/p>\n\n<h3 class=\"wp-block-heading\">Contenu int\u00e9gr\u00e9 provenant d&#8217;autres sites Web<\/h3>\n\n<p class=\"has-text-align-justify\">Les articles de ce site peuvent inclure du contenu int\u00e9gr\u00e9 (par exemple, des vid\u00e9os, des images, des articles, etc.). Le contenu int\u00e9gr\u00e9 provenant d&#8217;autres sites Web se comporte exactement de la m\u00eame mani\u00e8re que si le visiteur avait visit\u00e9 l&#8217;autre site Web.<\/p>\n\n<p class=\"has-text-align-justify\">Ces sites Web peuvent collecter des donn\u00e9es \u00e0 votre sujet, utiliser des cookies, int\u00e9grer un suivi tiers suppl\u00e9mentaire et surveiller votre interaction avec ce contenu int\u00e9gr\u00e9, y compris le suivi de votre interaction avec le contenu int\u00e9gr\u00e9 si vous avez un compte et \u00eates connect\u00e9 \u00e0 ce site Web.<\/p>\n\n<h3 class=\"wp-block-heading\">Analytics<\/h3>\n\n<p class=\"has-text-align-justify\">Les donn\u00e9es sont suivies via Google Analytics sur l&#8217;int\u00e9gralit\u00e9 du site.<\/p>\n\n<h2 class=\"wp-block-heading\">Avec qui partageons-nous vos donn\u00e9es<\/h2>\n\n<p class=\"has-text-align-justify\">Nous ne partageons vos donn\u00e9es avec aucun service externe. Si vous suivez des liens vers d&#8217;autres sites Web commerciaux, leur propre politique de confidentialit\u00e9 prendra effet.<\/p>\n\n<h2 class=\"wp-block-heading\">Combien de temps nous conservons vos donn\u00e9es<\/h2>\n\n<p class=\"has-text-align-justify\">Si vous laissez un commentaire, le commentaire et ses m\u00e9tadonn\u00e9es sont conserv\u00e9s ind\u00e9finiment. Cela nous permet de reconna\u00eetre et d&#8217;approuver automatiquement les commentaires de suivi au lieu de les conserver dans une file d&#8217;attente de mod\u00e9ration.<\/p>\n\n<p class=\"has-text-align-justify\">Pour les utilisateurs qui s&#8217;inscrivent sur notre site Web (le cas \u00e9ch\u00e9ant), nous stockons \u00e9galement les informations personnelles qu&#8217;ils fournissent dans leur profil d&#8217;utilisateur. Tous les utilisateurs peuvent voir, modifier ou supprimer leurs informations personnelles \u00e0 tout moment (sauf qu&#8217;ils ne peuvent pas changer leur nom d&#8217;utilisateur). Les administrateurs de sites Web peuvent \u00e9galement voir et modifier ces informations.<\/p>\n\n<h2 class=\"wp-block-heading\">Quels droits vous avez sur vos donn\u00e9es<\/h2>\n\n<p class=\"has-text-align-justify\">Si vous avez un compte sur ce site, ou avez laiss\u00e9 des commentaires, vous pouvez demander \u00e0 recevoir un fichier export\u00e9 des donn\u00e9es personnelles que nous d\u00e9tenons \u00e0 votre sujet, y compris toutes les donn\u00e9es que vous nous avez fournies. Vous pouvez \u00e9galement demander que nous effacions toutes les donn\u00e9es personnelles que nous d\u00e9tenons \u00e0 votre sujet. Cela n&#8217;inclut pas les donn\u00e9es que nous sommes oblig\u00e9s de conserver \u00e0 des fins administratives, juridiques ou de s\u00e9curit\u00e9.<\/p>\n\n<h2 class=\"wp-block-heading\">O\u00f9 nous envoyons vos donn\u00e9es<\/h2>\n\n<p class=\"has-text-align-justify\">Les commentaires des visiteurs peuvent \u00eatre v\u00e9rifi\u00e9s via un service de d\u00e9tection de spam automatis\u00e9.<\/p>\n","protected":false},"excerpt":{"rendered":"<p>Qui nous sommes The Note Bar est le site personnel de Gr\u00e9gory Notebaert sur lequel vous pouvez avoir un aper\u00e7u de ses oeuvres musicales et t\u00e9l\u00e9charger ses compositions. L&#8217;adresse du site Web de The Note Bar est : https:\/\/kompozitor.fr\/thenotebar\/fr . Quelles donn\u00e9es personnelles nous collectons et pourquoi nous les collectons Commentaires Lorsque les visiteurs laissent [&hellip;]<\/p>\n","protected":false},"author":1,"featured_media":0,"parent":0,"menu_order":0,"comment_status":"closed","ping_status":"open","template":"template-parts\/template-with-sidebar.php","meta":{"_editorskit_title_hidden":false,"_editorskit_reading_time":3,"_editorskit_is_block_options_detached":false,"_editorskit_block_options_position":"{}","_uag_custom_page_level_css":"","footnotes":""},"class_list":["post-15129","page","type-page","status-publish","hentry","odd"],"uagb_featured_image_src":{"full":false,"thumbnail":false,"medium":false,"medium_large":false,"large":false,"tf-client-image-size":false,"1536x1536":false,"2048x2048":false,"rta_thumb_no_cropped_123x123":false,"rta_thumb_no_cropped_64x64":false,"md":false,"lg":false,"_nx_notification_thumb":false},"uagb_author_info":{"display_name":"Gr\u00e9gory","author_link":"https:\/\/kompozitor.fr\/thenotebar\/fr\/author\/kompozitor\/"},"uagb_comment_info":0,"uagb_excerpt":"Qui nous sommes The Note Bar est le site personnel de Gr\u00e9gory Notebaert sur lequel vous pouvez avoir un aper\u00e7u de ses oeuvres musicales et t\u00e9l\u00e9charger ses compositions. L&#8217;adresse du site Web de The Note Bar est : https:\/\/kompozitor.fr\/thenotebar\/fr . Quelles donn\u00e9es personnelles nous collectons et pourquoi nous les collectons Commentaires Lorsque les visiteurs laissent\u2026","_links":{"self":[{"href":"https:\/\/kompozitor.fr\/thenotebar\/fr\/wp-json\/wp\/v2\/pages\/15129","targetHints":{"allow":["GET"]}}],"collection":[{"href":"https:\/\/kompozitor.fr\/thenotebar\/fr\/wp-json\/wp\/v2\/pages"}],"about":[{"href":"https:\/\/kompozitor.fr\/thenotebar\/fr\/wp-json\/wp\/v2\/types\/page"}],"author":[{"embeddable":true,"href":"https:\/\/kompozitor.fr\/thenotebar\/fr\/wp-json\/wp\/v2\/users\/1"}],"replies":[{"embeddable":true,"href":"https:\/\/kompozitor.fr\/thenotebar\/fr\/wp-json\/wp\/v2\/comments?post=15129"}],"version-history":[{"count":0,"href":"https:\/\/kompozitor.fr\/thenotebar\/fr\/wp-json\/wp\/v2\/pages\/15129\/revisions"}],"wp:attachment":[{"href":"https:\/\/kompozitor.fr\/thenotebar\/fr\/wp-json\/wp\/v2\/media?parent=15129"}],"curies":[{"name":"wp","href":"https:\/\/api.w.org\/{rel}","templated":true}]}}